{"id":22,"date":"2023-11-27T09:09:23","date_gmt":"2023-11-27T09:09:23","guid":{"rendered":"https:\/\/demo.bravisthemes.com\/graviton\/?page_id=22"},"modified":"2025-07-17T12:28:09","modified_gmt":"2025-07-17T12:28:09","slug":"blog-depannage-bas-rhin","status":"publish","type":"page","link":"https:\/\/depannage67.com\/?page_id=22","title":{"rendered":"Blog"},"content":{"rendered":"\t\t<div data-elementor-type=\"wp-page\" data-elementor-id=\"22\" class=\"elementor elementor-22\">\n\t\t\t\t        <section class=\"elementor-section elementor-top-section elementor-element elementor-element-63fd19c elementor-section-stretched elementor-section-boxed elementor-section-height-default elementor-section-height-default pxl-row-scroll-none pxl-zoom-point-false pxl-section-overflow-visible pxl-section-fix-none pxl-bg-color-none pxl-section-overlay-none\" data-id=\"63fd19c\" data-element_type=\"section\" data-e-type=\"section\" data-settings=\"{&quot;stretch_section&quot;:&quot;section-stretched&quot;}\">\n\n                \n                <div class=\"elementor-container elementor-column-gap-extended \">\n                <div class=\"elementor-column elementor-col-100 elementor-top-column elementor-element elementor-element-77ed2de pxl-column-none pxl-column-overflow-hidden-no\" data-id=\"77ed2de\" data-element_type=\"column\" data-e-type=\"column\">\r\n        <div class=\"elementor-widget-wrap elementor-element-populated\">\r\n                     \r\n        \t\t<div class=\"elementor-element elementor-element-5a27baa pxl-post-layout-post-1 elementor-widget elementor-widget-pxl_post_grid\" data-id=\"5a27baa\" data-element_type=\"widget\" data-e-type=\"widget\" data-widget_type=\"pxl_post_grid.default\">\n\t\t\t\t<div class=\"elementor-widget-container\">\n\t\t\t\t\t\n<div id=\"pxl_post_grid-5a27baa-9746\" class=\"pxl-grid pxl-blog-grid pxl-blog-grid-layout1 pxl-blog-style1\" data-start-page=\"1\" data-max-pages=\"1\" data-total=\"6\" data-perpage=\"6\" data-next-link=\"\">\n    \n    <div class=\"pxl-grid-inner pxl-grid-masonry row\" data-gutter=\"15\">\n        <div class=\"grid-sizer col-xl-4 col-lg-4 col-md-6 col-sm-12 col-12\"><\/div>\n                    <div class=\"pxl-grid-item col-xl-4 col-lg-4 col-md-6 col-sm-12 col-12 blog\">\n                <div class=\"pxl-post--inner \" data-wow-duration=\"1.2s\">\n                                        <div class=\"pxl-post--featured hover-imge-effect2\">\n                        <a href=\"https:\/\/depannage67.com\/?p=18543\"><img fetchpriority=\"high\" decoding=\"async\" class=\"\" src=\"https:\/\/depannage67.com\/wp-content\/uploads\/2025\/08\/5082-370x418.jpg\" width=\"370\" height=\"418\" alt=\"5082\" title=\"5082\" \/><\/a>\n\n                        \n                        \n\n                    <\/div>\n                                                    <div class=\"post-date\">\n                        <div class=\"date-day\">13<\/div>\n                        <div class=\"year-month\">\n                            <span class=\"date-month\">Ao\u00fbt<\/span>\n                            <span class=\"date-year\">25<\/span>\n                        <\/div>\n                    <\/div>\n                                <div class=\"pxl-post--meta pxl-flex-middle\">\n                                            <div class=\"pxl-item--author\"><span>.by<\/span> <a href=\"https:\/\/depannage67.com\/?author=1\" title=\"Articles par abercab67\" rel=\"author\">abercab67<\/a><\/div>\n                                                                <div class=\"pxl-post--category\">\n                            .<a href=\"https:\/\/depannage67.com\/?cat=1\" rel=\"tag\">Blog<\/a>                        <\/div>\n                                    <\/div>\n                <h3 class=\"pxl-post--title title-hover-line\"><a href=\"https:\/\/depannage67.com\/?p=18543\">7 astuces pour \u00e9viter les pannes domestiques les plus fr\u00e9quentes en Alsace<\/a><\/h3>\n                                    <div class=\"pxl-post--content\">\n                                                    Les pannes domestiques arrivent souvent au mauvais moment. En Alsace, les hivers froids et l\u2019eau calcaire peuvent accentuer les probl\u00e8mes\u2026                                            <\/div>\n                                                    <div class=\"pxl-post--button\">\n                        <a class=\"btn--readmore\" href=\"https:\/\/depannage67.com\/?p=18543\">\n                            <span class=\"btn--text\">\n                                Lire la suite                            <\/span>\n                            <i class=\"far fa-arrow-right\"><\/i>\n                        <\/a>\n                    <\/div>\n                            <\/div>\n        <\/div>\n                    <div class=\"pxl-grid-item col-xl-4 col-lg-4 col-md-6 col-sm-12 col-12 blog\">\n                <div class=\"pxl-post--inner \" data-wow-duration=\"1.2s\">\n                                        <div class=\"pxl-post--featured hover-imge-effect2\">\n                        <a href=\"https:\/\/depannage67.com\/?p=18536\"><img decoding=\"async\" class=\"\" src=\"https:\/\/depannage67.com\/wp-content\/uploads\/2025\/08\/2149334231-370x418.jpg\" width=\"370\" height=\"418\" alt=\"2149334231\" title=\"2149334231\" \/><\/a>\n\n                        \n                        \n\n                    <\/div>\n                                                    <div class=\"post-date\">\n                        <div class=\"date-day\">13<\/div>\n                        <div class=\"year-month\">\n                            <span class=\"date-month\">Ao\u00fbt<\/span>\n                            <span class=\"date-year\">25<\/span>\n                        <\/div>\n                    <\/div>\n                                <div class=\"pxl-post--meta pxl-flex-middle\">\n                                            <div class=\"pxl-item--author\"><span>.by<\/span> <a href=\"https:\/\/depannage67.com\/?author=1\" title=\"Articles par abercab67\" rel=\"author\">abercab67<\/a><\/div>\n                                                                <div class=\"pxl-post--category\">\n                            .<a href=\"https:\/\/depannage67.com\/?cat=1\" rel=\"tag\">Blog<\/a>                        <\/div>\n                                    <\/div>\n                <h3 class=\"pxl-post--title title-hover-line\"><a href=\"https:\/\/depannage67.com\/?p=18536\">Les signes qui indiquent qu\u2019il faut remplacer votre chauffe-eau en Alsace<\/a><\/h3>\n                                    <div class=\"pxl-post--content\">\n                                                    Un chauffe-eau qui fonctionne mal peut rapidement devenir un probl\u00e8me au quotidien, surtout en hiver en Alsace. Eau ti\u00e8de, fuite,\u2026                                            <\/div>\n                                                    <div class=\"pxl-post--button\">\n                        <a class=\"btn--readmore\" href=\"https:\/\/depannage67.com\/?p=18536\">\n                            <span class=\"btn--text\">\n                                Lire la suite                            <\/span>\n                            <i class=\"far fa-arrow-right\"><\/i>\n                        <\/a>\n                    <\/div>\n                            <\/div>\n        <\/div>\n                    <div class=\"pxl-grid-item col-xl-4 col-lg-4 col-md-6 col-sm-12 col-12 blog\">\n                <div class=\"pxl-post--inner \" data-wow-duration=\"1.2s\">\n                                        <div class=\"pxl-post--featured hover-imge-effect2\">\n                        <a href=\"https:\/\/depannage67.com\/?p=18527\"><img decoding=\"async\" class=\"\" src=\"https:\/\/depannage67.com\/wp-content\/uploads\/2025\/08\/26529-370x418.jpg\" width=\"370\" height=\"418\" alt=\"26529\" title=\"26529\" \/><\/a>\n\n                        \n                        \n\n                    <\/div>\n                                                    <div class=\"post-date\">\n                        <div class=\"date-day\">13<\/div>\n                        <div class=\"year-month\">\n                            <span class=\"date-month\">Ao\u00fbt<\/span>\n                            <span class=\"date-year\">25<\/span>\n                        <\/div>\n                    <\/div>\n                                <div class=\"pxl-post--meta pxl-flex-middle\">\n                                            <div class=\"pxl-item--author\"><span>.by<\/span> <a href=\"https:\/\/depannage67.com\/?author=1\" title=\"Articles par abercab67\" rel=\"author\">abercab67<\/a><\/div>\n                                                                <div class=\"pxl-post--category\">\n                            .<a href=\"https:\/\/depannage67.com\/?cat=1\" rel=\"tag\">Blog<\/a>                        <\/div>\n                                    <\/div>\n                <h3 class=\"pxl-post--title title-hover-line\"><a href=\"https:\/\/depannage67.com\/?p=18527\">Pourquoi faire appel \u00e0 un artisan qualifi\u00e9 en Alsace plut\u00f4t qu\u2019\u00e0 un bricoleur ?<\/a><\/h3>\n                                    <div class=\"pxl-post--content\">\n                                                    En Alsace, beaucoup de personnes font appel \u00e0 un ami ou un voisin \u201cqui s\u2019y conna\u00eet\u201d pour r\u00e9gler une fuite\u2026                                            <\/div>\n                                                    <div class=\"pxl-post--button\">\n                        <a class=\"btn--readmore\" href=\"https:\/\/depannage67.com\/?p=18527\">\n                            <span class=\"btn--text\">\n                                Lire la suite                            <\/span>\n                            <i class=\"far fa-arrow-right\"><\/i>\n                        <\/a>\n                    <\/div>\n                            <\/div>\n        <\/div>\n                    <div class=\"pxl-grid-item col-xl-4 col-lg-4 col-md-6 col-sm-12 col-12 blog\">\n                <div class=\"pxl-post--inner \" data-wow-duration=\"1.2s\">\n                                        <div class=\"pxl-post--featured hover-imge-effect2\">\n                        <a href=\"https:\/\/depannage67.com\/?p=18521\"><img loading=\"lazy\" decoding=\"async\" class=\"\" src=\"https:\/\/depannage67.com\/wp-content\/uploads\/2025\/08\/105-370x418.jpg\" width=\"370\" height=\"418\" alt=\"105\" title=\"105\" \/><\/a>\n\n                        \n                        \n\n                    <\/div>\n                                                    <div class=\"post-date\">\n                        <div class=\"date-day\">13<\/div>\n                        <div class=\"year-month\">\n                            <span class=\"date-month\">Ao\u00fbt<\/span>\n                            <span class=\"date-year\">25<\/span>\n                        <\/div>\n                    <\/div>\n                                <div class=\"pxl-post--meta pxl-flex-middle\">\n                                            <div class=\"pxl-item--author\"><span>.by<\/span> <a href=\"https:\/\/depannage67.com\/?author=1\" title=\"Articles par abercab67\" rel=\"author\">abercab67<\/a><\/div>\n                                                                <div class=\"pxl-post--category\">\n                            .<a href=\"https:\/\/depannage67.com\/?cat=1\" rel=\"tag\">Blog<\/a>                        <\/div>\n                                    <\/div>\n                <h3 class=\"pxl-post--title title-hover-line\"><a href=\"https:\/\/depannage67.com\/?p=18521\">Coupure de courant en Alsace : 5 v\u00e9rifications \u00e0 faire avant d\u2019appeler un \u00e9lectricien<\/a><\/h3>\n                                    <div class=\"pxl-post--content\">\n                                                    Une coupure de courant peut arriver \u00e0 tout moment : surcharge \u00e9lectrique, panne de quartier, appareil d\u00e9fectueux\u2026 En Alsace, cela\u2026                                            <\/div>\n                                                    <div class=\"pxl-post--button\">\n                        <a class=\"btn--readmore\" href=\"https:\/\/depannage67.com\/?p=18521\">\n                            <span class=\"btn--text\">\n                                Lire la suite                            <\/span>\n                            <i class=\"far fa-arrow-right\"><\/i>\n                        <\/a>\n                    <\/div>\n                            <\/div>\n        <\/div>\n                    <div class=\"pxl-grid-item col-xl-4 col-lg-4 col-md-6 col-sm-12 col-12 blog\">\n                <div class=\"pxl-post--inner \" data-wow-duration=\"1.2s\">\n                                        <div class=\"pxl-post--featured hover-imge-effect2\">\n                        <a href=\"https:\/\/depannage67.com\/?p=18515\"><img loading=\"lazy\" decoding=\"async\" class=\"\" src=\"https:\/\/depannage67.com\/wp-content\/uploads\/2025\/08\/2151015236-370x418.jpg\" width=\"370\" height=\"418\" alt=\"2151015236\" title=\"2151015236\" \/><\/a>\n\n                        \n                        \n\n                    <\/div>\n                                                    <div class=\"post-date\">\n                        <div class=\"date-day\">13<\/div>\n                        <div class=\"year-month\">\n                            <span class=\"date-month\">Ao\u00fbt<\/span>\n                            <span class=\"date-year\">25<\/span>\n                        <\/div>\n                    <\/div>\n                                <div class=\"pxl-post--meta pxl-flex-middle\">\n                                            <div class=\"pxl-item--author\"><span>.by<\/span> <a href=\"https:\/\/depannage67.com\/?author=1\" title=\"Articles par abercab67\" rel=\"author\">abercab67<\/a><\/div>\n                                                                <div class=\"pxl-post--category\">\n                            .<a href=\"https:\/\/depannage67.com\/?cat=1\" rel=\"tag\">Blog<\/a>                        <\/div>\n                                    <\/div>\n                <h3 class=\"pxl-post--title title-hover-line\"><a href=\"https:\/\/depannage67.com\/?p=18515\">Serrure bloqu\u00e9e en Alsace : les gestes \u00e0 \u00e9viter et les bonnes solutions<\/a><\/h3>\n                                    <div class=\"pxl-post--content\">\n                                                    Une serrure bloqu\u00e9e est toujours synonyme de stress, surtout lorsqu\u2019on est coinc\u00e9 \u00e0 l\u2019ext\u00e9rieur par temps froid en Alsace. Que\u2026                                            <\/div>\n                                                    <div class=\"pxl-post--button\">\n                        <a class=\"btn--readmore\" href=\"https:\/\/depannage67.com\/?p=18515\">\n                            <span class=\"btn--text\">\n                                Lire la suite                            <\/span>\n                            <i class=\"far fa-arrow-right\"><\/i>\n                        <\/a>\n                    <\/div>\n                            <\/div>\n        <\/div>\n                    <div class=\"pxl-grid-item col-xl-4 col-lg-4 col-md-6 col-sm-12 col-12 blog\">\n                <div class=\"pxl-post--inner \" data-wow-duration=\"1.2s\">\n                                        <div class=\"pxl-post--featured hover-imge-effect2\">\n                        <a href=\"https:\/\/depannage67.com\/?p=12945\"><img loading=\"lazy\" decoding=\"async\" class=\"\" src=\"https:\/\/depannage67.com\/wp-content\/uploads\/2024\/06\/27146-370x418.jpg\" width=\"370\" height=\"418\" alt=\"27146\" title=\"27146\" \/><\/a>\n\n                        \n                        \n\n                    <\/div>\n                                                    <div class=\"post-date\">\n                        <div class=\"date-day\">03<\/div>\n                        <div class=\"year-month\">\n                            <span class=\"date-month\">Juin<\/span>\n                            <span class=\"date-year\">24<\/span>\n                        <\/div>\n                    <\/div>\n                                <div class=\"pxl-post--meta pxl-flex-middle\">\n                                            <div class=\"pxl-item--author\"><span>.by<\/span> <a href=\"https:\/\/depannage67.com\/?author=1\" title=\"Articles par abercab67\" rel=\"author\">abercab67<\/a><\/div>\n                                                                <div class=\"pxl-post--category\">\n                            .<a href=\"https:\/\/depannage67.com\/?cat=1\" rel=\"tag\">Blog<\/a>                        <\/div>\n                                    <\/div>\n                <h3 class=\"pxl-post--title title-hover-line\"><a href=\"https:\/\/depannage67.com\/?p=12945\">Comment r\u00e9agir face \u00e0 une fuite d\u2019eau en Alsace en attendant le plombier ?<\/a><\/h3>\n                                    <div class=\"pxl-post--content\">\n                                                    Fuite d\u2019eau \u00e0 Strasbourg, Colmar ou Mulhouse ? D\u00e9couvrez nos conseils pratiques pour limiter les d\u00e9g\u00e2ts avant l\u2019arriv\u00e9e de notre\u2026                                            <\/div>\n                                                    <div class=\"pxl-post--button\">\n                        <a class=\"btn--readmore\" href=\"https:\/\/depannage67.com\/?p=12945\">\n                            <span class=\"btn--text\">\n                                Lire la suite                            <\/span>\n                            <i class=\"far fa-arrow-right\"><\/i>\n                        <\/a>\n                    <\/div>\n                            <\/div>\n        <\/div>\n            <\/div>\n        <\/div>\t\t\t\t<\/div>\n\t\t\t\t<\/div>\n\t\t            <\/div>\r\n        <\/div>\r\n        \t\t\t<\/div>\n\t\t<\/section>\n\t\t\t\t<\/div>\n\t\t","protected":false},"excerpt":{"rendered":"<p>03 Juin 24 .by abercab67 .Carpenter What does a Carpentry Job equire to be Successful? Every summer, Alten Construction hires a number of college interns to help further their knowledge of the construction industry and\u2026 Lire la suite 03 Juin 24 .by abercab67 .Carpenter Learn how to Repair Wooden Furniture at Home Every summer, Alten [&hellip;]<\/p>\n","protected":false},"author":1,"featured_media":0,"parent":0,"menu_order":0,"comment_status":"closed","ping_status":"closed","template":"","meta":{"footnotes":""},"class_list":["post-22","page","type-page","status-publish","hentry"],"_links":{"self":[{"href":"https:\/\/depannage67.com\/index.php?rest_route=\/wp\/v2\/pages\/22","targetHints":{"allow":["GET"]}}],"collection":[{"href":"https:\/\/depannage67.com\/index.php?rest_route=\/wp\/v2\/pages"}],"about":[{"href":"https:\/\/depannage67.com\/index.php?rest_route=\/wp\/v2\/types\/page"}],"author":[{"embeddable":true,"href":"https:\/\/depannage67.com\/index.php?rest_route=\/wp\/v2\/users\/1"}],"replies":[{"embeddable":true,"href":"https:\/\/depannage67.com\/index.php?rest_route=%2Fwp%2Fv2%2Fcomments&post=22"}],"version-history":[{"count":0,"href":"https:\/\/depannage67.com\/index.php?rest_route=\/wp\/v2\/pages\/22\/revisions"}],"wp:attachment":[{"href":"https:\/\/depannage67.com\/index.php?rest_route=%2Fwp%2Fv2%2Fmedia&parent=22"}],"curies":[{"name":"wp","href":"https:\/\/api.w.org\/{rel}","templated":true}]}}